{"id":3,"date":"2020-12-23T09:34:28","date_gmt":"2020-12-23T08:34:28","guid":{"rendered":"http:\/\/innomaks.eu\/?page_id=3"},"modified":"2020-12-27T20:58:54","modified_gmt":"2020-12-27T19:58:54","slug":"ochrana-sukromia","status":"publish","type":"page","link":"https:\/\/innomaks.eu\/en\/ochrana-sukromia\/","title":{"rendered":"Z\u00e1sady ochrany osobn\u00fdch \u00fadajov"},"content":{"rendered":"<p>Our company is fulfilling all the legal requirements and protection of the personal data of our workers and business partners is our priority.<\/p>\n<p>For the details of our GDPR procedure, please do not hesitate to contact us on <a href=\"mailto:info@innomaks.eu\">info@innomaks.eu<\/a><\/p>","protected":false},"excerpt":{"rendered":"<p>Our company is fulfilling all the legal requirements and protection of the personal data of our workers and business partners is our priority. For the details of our GDPR procedure, please do not hesitate to contact us on info@innomaks.eu<\/p>\n","protected":false},"author":2,"featured_media":0,"parent":0,"menu_order":0,"comment_status":"closed","ping_status":"open","template":"","meta":{"_links_to":"","_links_to_target":""},"_links":{"self":[{"href":"https:\/\/innomaks.eu\/en\/wp-json\/wp\/v2\/pages\/3"}],"collection":[{"href":"https:\/\/innomaks.eu\/en\/wp-json\/wp\/v2\/pages"}],"about":[{"href":"https:\/\/innomaks.eu\/en\/wp-json\/wp\/v2\/types\/page"}],"author":[{"embeddable":true,"href":"https:\/\/innomaks.eu\/en\/wp-json\/wp\/v2\/users\/2"}],"replies":[{"embeddable":true,"href":"https:\/\/innomaks.eu\/en\/wp-json\/wp\/v2\/comments?post=3"}],"version-history":[{"count":2,"href":"https:\/\/innomaks.eu\/en\/wp-json\/wp\/v2\/pages\/3\/revisions"}],"predecessor-version":[{"id":110,"href":"https:\/\/innomaks.eu\/en\/wp-json\/wp\/v2\/pages\/3\/revisions\/110"}],"wp:attachment":[{"href":"https:\/\/innomaks.eu\/en\/wp-json\/wp\/v2\/media?parent=3"}],"curies":[{"name":"wp","href":"https:\/\/api.w.org\/{rel}","templated":true}]}}